{"id":1963,"date":"2021-02-18T11:57:48","date_gmt":"2021-02-18T10:57:48","guid":{"rendered":"https:\/\/www.groupeidec-invest.com\/conditions-generales\/"},"modified":"2021-11-09T16:04:33","modified_gmt":"2021-11-09T15:04:33","slug":"conditions-generales","status":"publish","type":"page","link":"https:\/\/www.groupeidec-invest.com\/es\/conditions-generales\/","title":{"rendered":"Condiciones generales"},"content":{"rendered":"<h4><strong>1. Aviso legal<\/strong><\/h4>\n<p>El presente sitio\u00a0<a href=\"https:\/\/www.groupeidec-invest.com\/\">www.groupeidec-invest.com<\/a>\u00a0ha sido editado por la empresa GROUPE IDEC, Sociedad por Acciones Simplificada con un capital de 13.650.780 euros, inscrita en el registro de comercio y de sociedades de Par\u00eds con n\u00famero 411.136.583 y con sede social en 37 avenue Pierre 1er de Serbie \u2013 75008 PARIS, FRANCIA.<br \/>\nEl Sitio web est\u00e1 alojado en la empresa: OVH SAS, con un capital de 500.000 euros, inscrita en el registro de comercio y de sociedades de Roubaix \u2013 Tourcoing con n\u00famero 424.761.419.00011 C\u00f3digo de actividad 721Z \u2013 CIF: FR 22-424-761-419-00011 Sede social: 140 Quai du Sartel \u2013 59100 Roubaix \u2013 Francia. Tel.: +33 (0) 8 203 203 63.<br \/>\nEl objetivo del Sitio web es presentar las actividades y los servicios de la empresa GROUPE IDEC y sus filiales (en lo sucesivo la \u00abEmpresa\u00bb).<\/p>\n<h4><strong>2. Definiciones<\/strong><\/h4>\n<p>En las presentes condiciones generales de uso los t\u00e9rminos utilizados a continuaci\u00f3n con su primera letra en may\u00fascula tendr\u00e1n el significado siguiente:<br \/>\n\u2022 \u00abCliente\u00bb: cualquier persona f\u00edsica o jur\u00eddica que cierre un contrato con la Empresa para que \u00e9sta le suministre productos o servicios.<br \/>\n\u2022 \u00abCondiciones generales\u00bb: designan las presentes condiciones de uso.<br \/>\n\u2022 \u00abDatos de car\u00e1cter personal\u00bb<br \/>\n\u2022 \u00abDCP\u00bb: cualquier informaci\u00f3n relativa a una persona f\u00edsica identificada o identificable seg\u00fan la Normativa de Inform\u00e1tica y de las Libertades.<br \/>\n\u2022 \u00abInscripci\u00f3n\u00bb: designa el proceso en l\u00ednea que los periodistas deben seguir para crear una Cuenta de usuario.<br \/>\n\u2022 \u00abNewsletter\u00bb: designa el bolet\u00edn peri\u00f3dico enviado por la Empresa.<br \/>\n\u2022 \u00abPeriodistas\u00bb: designa los periodistas que desean obtener informaci\u00f3n de la Empresa.<br \/>\n\u2022 \u00abNormativa de Inform\u00e1tica y de las Libertades\u00bb: conjunto de disposiciones derivadas de la ley francesa n\u00b078-17, de 6 de enero de 1978 \u00absobre la informaci\u00f3n, los archivos inform\u00e1ticos y las libertades\u00bb modificada por la ley (la \u00abLIL modificada\u00bb) y el Reglamento General de Protecci\u00f3n de Datos n\u00b0 2016\/679 del 27 de abril de 2016 (denominado \u00abRGPD\u00bb).<br \/>\n\u2022 \u00abUsuario\u00bb: persona f\u00edsica que utiliza el Sitio web.<\/p>\n<h4><strong>3. Aceptaci\u00f3n de las Condiciones generales y su modificaci\u00f3n<\/strong><\/h4>\n<p>Al acceder a este sitio web, el Usuario acepta las Condiciones Generales.<br \/>\nLa Empresa se reserva el derecho a modificar o, de forma m\u00e1s general, a actualizar el contenido de las Condiciones generales en todo momento y sin previo aviso. De ah\u00ed que le rogamos las consulte con regularidad.<br \/>\nEn caso de modificaci\u00f3n, la versi\u00f3n modificada de las Condiciones generales se aplicar\u00e1 a partir de su puesta en l\u00ednea para cualquier nuevo uso del Sitio web.<\/p>\n<h4><strong>4. Uso del Sitio web<\/strong><\/h4>\n<p>\u2022 Navegaci\u00f3n en el Sitio web<br \/>\n\u2022 Advertencias generales<br \/>\nNinguna informaci\u00f3n que aparece en el Sitio web se podr\u00e1 interpretar como una informaci\u00f3n precontractual sobre las prestaciones de la Empresa ni como constituyente de una garant\u00eda contractual alguna ofrecida por la Empresa en el marco de su actividad.<br \/>\nLa Empresa no garantiza al usuario el secreto de la correspondencia de los mensajes de correo electr\u00f3nico o de cualquier otra comunicaci\u00f3n que utilice la red Internet y que pueda ser interceptada por un tercero debido al modo de circulaci\u00f3n de los datos en esta red.<br \/>\nLa Empresa no ser\u00e1 responsable de los da\u00f1os que podr\u00edan derivarse del acceso al Sitio web o de su uso, entre los que figuran cualquier deterioro o virus que puedan infectar el equipo inform\u00e1tico del Usuario o cualquier otro bien.<br \/>\nPese al esfuerzo razonable que realiza la Empresa para actualizar la informaci\u00f3n precisa publicada en el Sitio web, se exime de la responsabilidad por cualquier error u omisi\u00f3n.<br \/>\nLa Empresa no se hace responsable de las consecuencias, directas o indirectas, derivadas de sus errores en el ingreso de coordenadas del Usuario o de cualquier otra informaci\u00f3n incompleta o err\u00f3nea transmitida por el Usuario a trav\u00e9s del Sitio web.<br \/>\nLos documentos que figuran en este Sitio web pueden contener previsiones sobre la situaci\u00f3n financiera, las actividades y la estrategia de la Empresa. M\u00e1s concretamente, las declaraciones sobre los objetivos de la Direcci\u00f3n, las estimaciones, las tendencias de resultados, son predictivas. Como tales, estas previsiones se basan en supuestos que pueden resultar inexactos y depender de condiciones econ\u00f3micas y financieras generales. La Empresa no asume responsabilidad alguna sobre la actualizaci\u00f3n de las previsiones a ra\u00edz de nuevas informaciones, acontecimientos futuros u otros.<br \/>\n\u2022 Enlaces a otros sitios web<br \/>\nDesde su Sitio web la Empresa ofrece enlaces a otros sitios afiliados y no afiliados. Estos sitios son independientes del presente Sitio web. La Empresa no edita ni controla estos sitios.<br \/>\nLos enlaces a dichos sitios web no constituyen en ning\u00fan caso una aprobaci\u00f3n o una colaboraci\u00f3n entre la Empresa y dichos sitios. De ah\u00ed que la Empresa no sea responsable de sus contenidos, sus productos, su publicidad ni de cualquier otro elemento o servicio presentado en ellos.<br \/>\nSe recuerda al Usuario que los sitios web afiliados o no afiliados est\u00e1n sometidos a sus propias condiciones de uso y pol\u00edticas de protecci\u00f3n de la vida privada.<br \/>\nAdem\u00e1s, la creaci\u00f3n de enlaces de hipertexto (simples o profundos) al Sitio web est\u00e1 sometida al acuerdo previo de la Empresa.<br \/>\n\u2022 Creaci\u00f3n de una Cuenta de usuario<br \/>\nEl Sitio web permite a los Periodistas crear una Cuenta de usuario con la que pueden obtener informaci\u00f3n de la Empresa.<br \/>\nPara proceder a su inscripci\u00f3n, el Periodista tiene que rellenar todos los campos obligatorios que figuran en el formulario.<br \/>\nAl crear su cuenta, el Periodista se compromete a aportar datos personales exactos y conformes con la realidad y a actualizarlos en su perfil para garantizar la pertinencia y la exactitud.<br \/>\nEl Periodista se compromete a no crear ni utilizar, bajo su propia identidad o la de un tercero, otras cuentas distintas de la inicialmente creada.<br \/>\n\u2022 Env\u00edo de Newsletters<br \/>\nLa Empresa se reserva el derecho a suspender el env\u00edo de su Newsletter.<\/p>\n<h4><strong>5. Propiedad intelectual<\/strong><\/h4>\n<p>El Usuario reconoce que el Sitio web es propiedad exclusiva de la Empresa.<br \/>\nEl Usuario reconoce igualmente que el Sitio web y el conjunto de elementos que lo componen, especialmente y sin limitarse a los textos, logotipos, programas inform\u00e1ticos, m\u00fasica, sonidos, fotograf\u00edas, v\u00eddeos, dise\u00f1os, grafismos o cualquier otro elemento, son susceptibles de estar protegidos por derechos de la propiedad intelectual (marcas, derechos de autor, dise\u00f1os y modelos o patentes).<br \/>\nEl Usuario no puede en ning\u00fan caso distribuir, copiar, reproducir, modificar, alterar o transmitir el Sitio web o elementos del Sitio web como textos, im\u00e1genes o sonidos sin una autorizaci\u00f3n previa por escrito de la Empresa.<br \/>\nLas marcas y los logotipos que aparecen en el Sitio web son propiedad de la Empresa o son objeto de una autorizaci\u00f3n de utilizaci\u00f3n. Ning\u00fan derecho ni licencia ser\u00e1 atribuida sobre alguno de estos elementos sin la autorizaci\u00f3n escrita de la Empresa o de un tercero propietario de los derechos de marca o logotipos que aparecen en el Sitio web.<br \/>\nLa Empresa se reserva el derecho a proceder judicialmente contra cualquier acci\u00f3n de falsificaci\u00f3n de sus derechos de propiedad intelectual, incluso en el marco de un procedimiento penal.<\/p>\n<h4><strong>6. Respeto de las im\u00e1genes<\/strong><\/h4>\n<p>Las im\u00e1genes o fotograf\u00edas de personas o lugares que aparecen en el Sitio web son propiedad de la Empresa o utilizadas por la Empresa con permiso de los titulares de los derechos. Se proh\u00edbe el uso de estas im\u00e1genes o fotograf\u00edas sin la autorizaci\u00f3n espec\u00edfica y escrita de la Empresa. Todo uso no autorizado se traduce en una violaci\u00f3n de derechos de autor, derechos de imagen, derechos personales o cualquier otra reglamentaci\u00f3n aplicable a la comunicaci\u00f3n o publicidad.<br \/>\nEl Sitio web puede contener representaciones, modelizaciones en 3D o perspectivas de trabajos futuros o simplemente en proyecto. Estas ilustraciones no contractuales de car\u00e1cter ilustrativo son sin embargo propiedad de su autor y no se pueden utilizar sin autorizaci\u00f3n expresa.<br \/>\nEn el Sitio web se encuentran asimismo im\u00e1genes y v\u00eddeos con licencia o libres de derechos procedentes de las plataformas de im\u00e1genes AdobeStock, Pexels y Freepik.<\/p>\n<h4><strong>7. Datos personales<\/strong><\/h4>\n<p>En el marco del Uso del Sitio web, la Empresa recopila y procesa datos de car\u00e1cter personal de los Usuarios. Al utilizar el Sitio web y crear un Espacio profesional, el Usuario reconoce y acepta el procesamiento de sus datos personales por la Empresa en conformidad con la ley aplicable y las estipulaciones de la Pol\u00edtica de confidencialidad.<\/p>\n<h4><strong>8. Limitaci\u00f3n de responsabilidad e indemnizaci\u00f3n<\/strong><\/h4>\n<p>La Empresa o cualquier otra parte que intervenga en relaci\u00f3n con el Sitio web no ser\u00e1 responsable de da\u00f1os directos, indirectos u otros que podr\u00edan derivarse del acceso o del uso del Sitio o de la informaci\u00f3n que figura en \u00e9l.<\/p>\n<h4><strong>9. Respeto de la reglamentaci\u00f3n<\/strong><\/h4>\n<p>Las Condiciones generales est\u00e1n redactadas en franc\u00e9s.<br \/>\nEl Sitio web ha sido puesto en l\u00ednea por la Empresa, cuya sede social est\u00e1 situada en Francia. El Sitio web est\u00e1 sometido a la reglamentaci\u00f3n francesa.<\/p>\n<h4><strong>10. Acceso al Sitio web<\/strong><\/h4>\n<p>Es posible que el acceso al Sitio web se interrumpa temporalmente sin previo aviso a causa de operaciones t\u00e9cnicas de mantenimiento, de migraci\u00f3n, de actualizaciones o por limitaciones inherentes al funcionamiento de las redes.<br \/>\nLa Empresa se reserva el derecho, por cualquier motivo y a su entera discreci\u00f3n de modificar, suspender o interrumpir sin previo aviso el acceso a todo o parte del Sitio web, incluyendo su contenido, funciones u horas de disponibilidad.<\/p>\n<p>&nbsp;<\/p>\n<p>&nbsp;<\/p>\n<p>&nbsp;<\/p>\n","protected":false},"excerpt":{"rendered":"<p>1. Aviso legal El presente sitio\u00a0www.groupeidec-invest.com\u00a0ha sido editado por la empresa GROUPE IDEC, Sociedad por Acciones Simplificada con un capital de 13.650.780 euros, inscrita en el registro de comercio y de sociedades de Par\u00eds con n\u00famero 411.136.583 y con sede social en 37 avenue Pierre 1er de Serbie \u2013 75008 PARIS, FRANCIA. El Sitio web &hellip; <a href=\"https:\/\/www.groupeidec-invest.com\/es\/conditions-generales\/\" class=\"more-link\"><\/a><\/p>\n","protected":false},"author":1,"featured_media":0,"parent":0,"menu_order":0,"comment_status":"closed","ping_status":"closed","template":"","meta":{"_seopress_robots_primary_cat":"","_seopress_titles_title":"","_seopress_titles_desc":"","_seopress_robots_index":"","inline_featured_image":false,"_monsterinsights_skip_tracking":false,"_monsterinsights_sitenote_active":false,"_monsterinsights_sitenote_note":"","_monsterinsights_sitenote_category":0,"footnotes":""},"class_list":["post-1963","page","type-page","status-publish","hentry"],"_links":{"self":[{"href":"https:\/\/www.groupeidec-invest.com\/es\/wp-json\/wp\/v2\/pages\/1963","targetHints":{"allow":["GET"]}}],"collection":[{"href":"https:\/\/www.groupeidec-invest.com\/es\/wp-json\/wp\/v2\/pages"}],"about":[{"href":"https:\/\/www.groupeidec-invest.com\/es\/wp-json\/wp\/v2\/types\/page"}],"author":[{"embeddable":true,"href":"https:\/\/www.groupeidec-invest.com\/es\/wp-json\/wp\/v2\/users\/1"}],"replies":[{"embeddable":true,"href":"https:\/\/www.groupeidec-invest.com\/es\/wp-json\/wp\/v2\/comments?post=1963"}],"version-history":[{"count":5,"href":"https:\/\/www.groupeidec-invest.com\/es\/wp-json\/wp\/v2\/pages\/1963\/revisions"}],"predecessor-version":[{"id":1983,"href":"https:\/\/www.groupeidec-invest.com\/es\/wp-json\/wp\/v2\/pages\/1963\/revisions\/1983"}],"wp:attachment":[{"href":"https:\/\/www.groupeidec-invest.com\/es\/wp-json\/wp\/v2\/media?parent=1963"}],"curies":[{"name":"wp","href":"https:\/\/api.w.org\/{rel}","templated":true}]}}